{"id":64,"date":"2018-12-23T23:55:01","date_gmt":"2018-12-23T22:55:01","guid":{"rendered":"http:\/\/fondationyveshallez.be\/?page_id=64"},"modified":"2020-11-15T11:43:18","modified_gmt":"2020-11-15T10:43:18","slug":"leg-en-duo","status":"publish","type":"page","link":"https:\/\/fondationyveshallez.be\/index.php\/don-qui-et-comment\/leg-en-duo\/","title":{"rendered":"Leg en Duo"},"content":{"rendered":"<p>En l\u00e9guant une partie de votre h\u00e9ritage \u00e0 notre fondation, vous r\u00e9duisez vos droits de succession (seulement 7%).<\/p>\n","protected":false},"excerpt":{"rendered":"<p>En l\u00e9guant une partie de votre h\u00e9ritage \u00e0 notre fondation, vous r\u00e9duisez vos droits de succession (seulement 7%).<\/p>\n","protected":false},"author":2,"featured_media":0,"parent":42,"menu_order":0,"comment_status":"closed","ping_status":"closed","template":"","meta":[],"_links":{"self":[{"href":"https:\/\/fondationyveshallez.be\/index.php\/wp-json\/wp\/v2\/pages\/64"}],"collection":[{"href":"https:\/\/fondationyveshallez.be\/index.php\/wp-json\/wp\/v2\/pages"}],"about":[{"href":"https:\/\/fondationyveshallez.be\/index.php\/wp-json\/wp\/v2\/types\/page"}],"author":[{"embeddable":true,"href":"https:\/\/fondationyveshallez.be\/index.php\/wp-json\/wp\/v2\/users\/2"}],"replies":[{"embeddable":true,"href":"https:\/\/fondationyveshallez.be\/index.php\/wp-json\/wp\/v2\/comments?post=64"}],"version-history":[{"count":2,"href":"https:\/\/fondationyveshallez.be\/index.php\/wp-json\/wp\/v2\/pages\/64\/revisions"}],"predecessor-version":[{"id":100,"href":"https:\/\/fondationyveshallez.be\/index.php\/wp-json\/wp\/v2\/pages\/64\/revisions\/100"}],"up":[{"embeddable":true,"href":"https:\/\/fondationyveshallez.be\/index.php\/wp-json\/wp\/v2\/pages\/42"}],"wp:attachment":[{"href":"https:\/\/fondationyveshallez.be\/index.php\/wp-json\/wp\/v2\/media?parent=64"}],"curies":[{"name":"wp","href":"https:\/\/api.w.org\/{rel}","templated":true}]}}